{"id":160,"date":"2024-01-09T19:45:37","date_gmt":"2024-01-09T23:45:37","guid":{"rendered":"https:\/\/972.immo\/location\/order-online\/"},"modified":"2024-01-09T19:45:37","modified_gmt":"2024-01-09T23:45:37","slug":"order-online","status":"publish","type":"page","link":"https:\/\/972.immo\/location\/order-online\/","title":{"rendered":"Order Online"},"content":{"rendered":"<p>[fooditems]<\/p>\n","protected":false},"excerpt":{"rendered":"<p>[fooditems]<\/p>\n","protected":false},"author":1,"featured_media":0,"parent":0,"menu_order":0,"comment_status":"closed","ping_status":"closed","template":"","meta":{"footnotes":""},"class_list":["post-160","page","type-page","status-publish","hentry"],"yoast_head":"<!-- This site is optimized with the Yoast SEO plugin v22.3 - https:\/\/yoast.com\/wordpress\/plugins\/seo\/ -->\n<title>Order Online - 972.immo<\/title>\n<meta name=\"description\" content=\"972 immo, h\u00e9bergements saisonniers au Robert, Ducos, Marin (Martinique) dans des appartements neufs et meubl\u00e9s (2x chambres), (3x chambres de type chalet), piscine, Nouveau concept : Location Bateau habitable am\u00e9nag\u00e9 comme un appartement.\" \/>\n<meta name=\"robots\" content=\"index, follow, max-snippet:-1, max-image-preview:large, max-video-preview:-1\" \/>\n<link rel=\"canonical\" href=\"https:\/\/972.immo\/location\/order-online\/\" \/>\n<meta property=\"og:locale\" content=\"fr_FR\" \/>\n<meta property=\"og:type\" content=\"article\" \/>\n<meta property=\"og:title\" content=\"Order Online - 972.immo\" \/>\n<meta property=\"og:description\" content=\"972 immo, h\u00e9bergements saisonniers au Robert, Ducos, Marin (Martinique) dans des appartements neufs et meubl\u00e9s (2x chambres), (3x chambres de type chalet), piscine, Nouveau concept : Location Bateau habitable am\u00e9nag\u00e9 comme un appartement.\" \/>\n<meta property=\"og:url\" content=\"https:\/\/972.immo\/location\/order-online\/\" \/>\n<meta property=\"og:site_name\" content=\"972.immo\" \/>\n<meta name=\"twitter:card\" content=\"summary_large_image\" \/>\n<script type=\"application\/ld+json\" class=\"yoast-schema-graph\">{\"@context\":\"https:\/\/schema.org\",\"@graph\":[{\"@type\":\"WebPage\",\"@id\":\"https:\/\/972.immo\/location\/order-online\/\",\"url\":\"https:\/\/972.immo\/location\/order-online\/\",\"name\":\"Order Online - 972.immo\",\"isPartOf\":{\"@id\":\"https:\/\/972.immo\/location\/#website\"},\"datePublished\":\"2024-01-09T23:45:37+00:00\",\"dateModified\":\"2024-01-09T23:45:37+00:00\",\"description\":\"972 immo, h\u00e9bergements saisonniers au Robert, Ducos, Marin (Martinique) dans des appartements neufs et meubl\u00e9s (2x chambres), (3x chambres de type chalet), piscine, Nouveau concept : Location Bateau habitable am\u00e9nag\u00e9 comme un appartement.\",\"breadcrumb\":{\"@id\":\"https:\/\/972.immo\/location\/order-online\/#breadcrumb\"},\"inLanguage\":\"fr-FR\",\"potentialAction\":[{\"@type\":\"ReadAction\",\"target\":[\"https:\/\/972.immo\/location\/order-online\/\"]}]},{\"@type\":\"BreadcrumbList\",\"@id\":\"https:\/\/972.immo\/location\/order-online\/#breadcrumb\",\"itemListElement\":[{\"@type\":\"ListItem\",\"position\":1,\"name\":\"Accueil\",\"item\":\"https:\/\/972.immo\/location\/\"},{\"@type\":\"ListItem\",\"position\":2,\"name\":\"Order Online\"}]},{\"@type\":\"WebSite\",\"@id\":\"https:\/\/972.immo\/location\/#website\",\"url\":\"https:\/\/972.immo\/location\/\",\"name\":\"972.immo\",\"description\":\"Location saisonni\u00e8re \u00e0 la Martinique\",\"publisher\":{\"@id\":\"https:\/\/972.immo\/location\/#organization\"},\"potentialAction\":[{\"@type\":\"SearchAction\",\"target\":{\"@type\":\"EntryPoint\",\"urlTemplate\":\"https:\/\/972.immo\/location\/?s={search_term_string}\"},\"query-input\":\"required name=search_term_string\"}],\"inLanguage\":\"fr-FR\"},{\"@type\":\"Organization\",\"@id\":\"https:\/\/972.immo\/location\/#organization\",\"name\":\"972 immo Location\",\"url\":\"https:\/\/972.immo\/location\/\",\"logo\":{\"@type\":\"ImageObject\",\"inLanguage\":\"fr-FR\",\"@id\":\"https:\/\/972.immo\/location\/#\/schema\/logo\/image\/\",\"url\":\"https:\/\/972.immo\/location\/wp-content\/uploads\/2022\/06\/cropped-logo-972.png\",\"contentUrl\":\"https:\/\/972.immo\/location\/wp-content\/uploads\/2022\/06\/cropped-logo-972.png\",\"width\":527,\"height\":340,\"caption\":\"972 immo Location\"},\"image\":{\"@id\":\"https:\/\/972.immo\/location\/#\/schema\/logo\/image\/\"}}]}<\/script>\n<!-- \/ Yoast SEO plugin. -->","yoast_head_json":{"title":"Order Online - 972.immo","description":"972 immo, h\u00e9bergements saisonniers au Robert, Ducos, Marin (Martinique) dans des appartements neufs et meubl\u00e9s (2x chambres), (3x chambres de type chalet), piscine, Nouveau concept : Location Bateau habitable am\u00e9nag\u00e9 comme un appartement.","robots":{"index":"index","follow":"follow","max-snippet":"max-snippet:-1","max-image-preview":"max-image-preview:large","max-video-preview":"max-video-preview:-1"},"canonical":"https:\/\/972.immo\/location\/order-online\/","og_locale":"fr_FR","og_type":"article","og_title":"Order Online - 972.immo","og_description":"972 immo, h\u00e9bergements saisonniers au Robert, Ducos, Marin (Martinique) dans des appartements neufs et meubl\u00e9s (2x chambres), (3x chambres de type chalet), piscine, Nouveau concept : Location Bateau habitable am\u00e9nag\u00e9 comme un appartement.","og_url":"https:\/\/972.immo\/location\/order-online\/","og_site_name":"972.immo","twitter_card":"summary_large_image","schema":{"@context":"https:\/\/schema.org","@graph":[{"@type":"WebPage","@id":"https:\/\/972.immo\/location\/order-online\/","url":"https:\/\/972.immo\/location\/order-online\/","name":"Order Online - 972.immo","isPartOf":{"@id":"https:\/\/972.immo\/location\/#website"},"datePublished":"2024-01-09T23:45:37+00:00","dateModified":"2024-01-09T23:45:37+00:00","description":"972 immo, h\u00e9bergements saisonniers au Robert, Ducos, Marin (Martinique) dans des appartements neufs et meubl\u00e9s (2x chambres), (3x chambres de type chalet), piscine, Nouveau concept : Location Bateau habitable am\u00e9nag\u00e9 comme un appartement.","breadcrumb":{"@id":"https:\/\/972.immo\/location\/order-online\/#breadcrumb"},"inLanguage":"fr-FR","potentialAction":[{"@type":"ReadAction","target":["https:\/\/972.immo\/location\/order-online\/"]}]},{"@type":"BreadcrumbList","@id":"https:\/\/972.immo\/location\/order-online\/#breadcrumb","itemListElement":[{"@type":"ListItem","position":1,"name":"Accueil","item":"https:\/\/972.immo\/location\/"},{"@type":"ListItem","position":2,"name":"Order Online"}]},{"@type":"WebSite","@id":"https:\/\/972.immo\/location\/#website","url":"https:\/\/972.immo\/location\/","name":"972.immo","description":"Location saisonni\u00e8re \u00e0 la Martinique","publisher":{"@id":"https:\/\/972.immo\/location\/#organization"},"potentialAction":[{"@type":"SearchAction","target":{"@type":"EntryPoint","urlTemplate":"https:\/\/972.immo\/location\/?s={search_term_string}"},"query-input":"required name=search_term_string"}],"inLanguage":"fr-FR"},{"@type":"Organization","@id":"https:\/\/972.immo\/location\/#organization","name":"972 immo Location","url":"https:\/\/972.immo\/location\/","logo":{"@type":"ImageObject","inLanguage":"fr-FR","@id":"https:\/\/972.immo\/location\/#\/schema\/logo\/image\/","url":"https:\/\/972.immo\/location\/wp-content\/uploads\/2022\/06\/cropped-logo-972.png","contentUrl":"https:\/\/972.immo\/location\/wp-content\/uploads\/2022\/06\/cropped-logo-972.png","width":527,"height":340,"caption":"972 immo Location"},"image":{"@id":"https:\/\/972.immo\/location\/#\/schema\/logo\/image\/"}}]}},"_links":{"self":[{"href":"https:\/\/972.immo\/location\/wp-json\/wp\/v2\/pages\/160","targetHints":{"allow":["GET"]}}],"collection":[{"href":"https:\/\/972.immo\/location\/wp-json\/wp\/v2\/pages"}],"about":[{"href":"https:\/\/972.immo\/location\/wp-json\/wp\/v2\/types\/page"}],"author":[{"embeddable":true,"href":"https:\/\/972.immo\/location\/wp-json\/wp\/v2\/users\/1"}],"replies":[{"embeddable":true,"href":"https:\/\/972.immo\/location\/wp-json\/wp\/v2\/comments?post=160"}],"version-history":[{"count":0,"href":"https:\/\/972.immo\/location\/wp-json\/wp\/v2\/pages\/160\/revisions"}],"wp:attachment":[{"href":"https:\/\/972.immo\/location\/wp-json\/wp\/v2\/media?parent=160"}],"curies":[{"name":"wp","href":"https:\/\/api.w.org\/{rel}","templated":true}]}}